{"id":1100,"date":"2023-05-05T18:24:27","date_gmt":"2023-05-05T18:24:27","guid":{"rendered":"https:\/\/clinicaesteticalararibeiro.pt\/?page_id=1100"},"modified":"2026-03-20T09:13:24","modified_gmt":"2026-03-20T09:13:24","slug":"acido-hialuronico","status":"publish","type":"page","link":"https:\/\/clinicaesteticalararibeiro.pt\/en\/acido-hialuronico\/","title":{"rendered":"\u00c1cido Hialur\u00f3nico"},"content":{"rendered":"<h2>\u00c1cido hialur\u00f3nico<\/h2>\n<p>\t\tO \u00e1cido hialur\u00f3nico \u00e9 uma subst\u00e2ncia naturalmente presente no nosso organismo, encontrada principalmente na pele, nas articula\u00e7\u00f5es e nos olhos. Ele desempenha um papel essencial na hidrata\u00e7\u00e3o e no preenchimento dos tecidos, conferindo \u00e0 pele uma apar\u00eancia suave, firme e jovem. No entanto, com o envelhecimento, os n\u00edveis de \u00e1cido hialur\u00f4nico diminuem, levando ao aparecimento de rugas, linhas finas e perda de volume facial. Para combater esses sinais de envelhecimento, o \u00e1cido hialur\u00f4nico \u00e9 frequentemente utilizado em procedimentos est\u00e9ticos, sendo injetado na pele em forma de gel, restaurando o volume, suavizando rugas e promovendo uma apar\u00eancia mais jovem.<br \/>\n\t\t\t\t\t\t\t\t\t\t\t\t<img decoding=\"async\" src=\"http:\/\/clinicaesteticalararibeiro.pt\/wp-content\/uploads\/elementor\/thumbs\/acido-hialuronio-q62k9jr6b7watp5jvy3x6thphs3bfnocoivck1keq0.webp\" title=\"acido-hialuronio\" alt=\"acido-hialuronio\" loading=\"lazy\" \/>\t\t\t\t\t\t\t\t\t\t\t\t\t\t<\/p>\n<h3>FAQ<\/h3>\n<p>\t\t\t\t\t\t\t\t\t\t\t\t<a href=\"\">Quanto tempo dura?<\/a><\/p>\n<p>Os efeitos do \u00e1cido hialur\u00f3nico s\u00e3o tempor\u00e1rios e podem durar de seis meses a dois anos, dependendo da formula\u00e7\u00e3o e da \u00e1rea tratada.<\/p>\n<p>\t\t\t\t\t\t\t\t\t\t\t\t<a href=\"\">Em que \u00e1reas normalmente \u00e9 aplicado o \u00e1cido hialur\u00f3nico?<\/a><\/p>\n<p>Regi\u00e3o malar (ma\u00e7\u00e3s do rosto), olheira, \u00e2ngulo da mand\u00edbula, sulcos nasolabiais, linhas \u201cmarionette\u201d, mento (queixo) e l\u00e1bios<\/p>","protected":false},"excerpt":{"rendered":"<p>\u00c1cido hialur\u00f3nico O \u00e1cido hialur\u00f3nico \u00e9 uma subst\u00e2ncia naturalmente presente no nosso organismo, encontrada principalmente na pele, nas articula\u00e7\u00f5es e nos olhos. Ele desempenha um papel essencial na hidrata\u00e7\u00e3o e no preenchimento dos tecidos, conferindo \u00e0 pele uma apar\u00eancia suave, firme e jovem. No entanto, com o envelhecimento, os n\u00edveis de \u00e1cido hialur\u00f4nico diminuem, levando&hellip; <a class=\"more-link\" href=\"https:\/\/clinicaesteticalararibeiro.pt\/en\/acido-hialuronico\/\">Continue reading <span class=\"screen-reader-text\">\u00c1cido Hialur\u00f3nico<\/span><\/a><\/p>","protected":false},"author":1,"featured_media":0,"parent":0,"menu_order":0,"comment_status":"closed","ping_status":"closed","template":"elementor_header_footer","meta":{"footnotes":""},"class_list":["post-1100","page","type-page","status-publish","hentry","entry"],"_links":{"self":[{"href":"https:\/\/clinicaesteticalararibeiro.pt\/en\/wp-json\/wp\/v2\/pages\/1100","targetHints":{"allow":["GET"]}}],"collection":[{"href":"https:\/\/clinicaesteticalararibeiro.pt\/en\/wp-json\/wp\/v2\/pages"}],"about":[{"href":"https:\/\/clinicaesteticalararibeiro.pt\/en\/wp-json\/wp\/v2\/types\/page"}],"author":[{"embeddable":true,"href":"https:\/\/clinicaesteticalararibeiro.pt\/en\/wp-json\/wp\/v2\/users\/1"}],"replies":[{"embeddable":true,"href":"https:\/\/clinicaesteticalararibeiro.pt\/en\/wp-json\/wp\/v2\/comments?post=1100"}],"version-history":[{"count":40,"href":"https:\/\/clinicaesteticalararibeiro.pt\/en\/wp-json\/wp\/v2\/pages\/1100\/revisions"}],"predecessor-version":[{"id":2897,"href":"https:\/\/clinicaesteticalararibeiro.pt\/en\/wp-json\/wp\/v2\/pages\/1100\/revisions\/2897"}],"wp:attachment":[{"href":"https:\/\/clinicaesteticalararibeiro.pt\/en\/wp-json\/wp\/v2\/media?parent=1100"}],"curies":[{"name":"wp","href":"https:\/\/api.w.org\/{rel}","templated":true}]}}