{"id":2763,"date":"2023-05-23T22:07:35","date_gmt":"2023-05-23T22:07:35","guid":{"rendered":"https:\/\/clinicaesteticalararibeiro.pt\/?page_id=2763"},"modified":"2023-05-27T18:08:57","modified_gmt":"2023-05-27T18:08:57","slug":"resolucao-litigios-online","status":"publish","type":"page","link":"https:\/\/clinicaesteticalararibeiro.pt\/en\/resolucao-litigios-online\/","title":{"rendered":"Resolu\u00e7\u00e3o Lit\u00edgios Online"},"content":{"rendered":"<div data-elementor-type=\"wp-page\" data-elementor-id=\"2763\" class=\"elementor elementor-2763\">\n\t\t\t\t\t\t<div class=\"elementor-inner\">\n\t\t\t\t<div class=\"elementor-section-wrap\">\n\t\t\t\t\t\t\t\t\t<section class=\"elementor-section elementor-top-section elementor-element elementor-element-3eb99ab elementor-section-boxed elementor-section-height-default elementor-section-height-default\" data-id=\"3eb99ab\" data-element_type=\"section\">\n\t\t\t\t\t\t<div class=\"elementor-container elementor-column-gap-default\">\n\t\t\t\t\t\t\t<div class=\"elementor-row\">\n\t\t\t\t\t<div class=\"elementor-column elementor-col-100 elementor-top-column elementor-element elementor-element-d291940\" data-id=\"d291940\" data-element_type=\"column\">\n\t\t\t<div class=\"elementor-column-wrap elementor-element-populated\">\n\t\t\t\t\t\t\t<div class=\"elementor-widget-wrap\">\n\t\t\t\t\t\t<div class=\"elementor-element elementor-element-79a3c8cb animated-slow elementor-invisible elementor-widget elementor-widget-heading\" data-id=\"79a3c8cb\" data-element_type=\"widget\" data-settings=\"{&quot;_animation&quot;:&quot;fadeIn&quot;}\" data-widget_type=\"heading.default\">\n\t\t\t\t<div class=\"elementor-widget-container\">\n\t\t\t<h2 class=\"elementor-heading-title elementor-size-default\">Resolu\u00e7\u00e3o de lit\u00edgios online<\/h2>\t\t<\/div>\n\t\t\t\t<\/div>\n\t\t\t\t\t\t<\/div>\n\t\t\t\t\t<\/div>\n\t\t<\/div>\n\t\t\t\t\t\t\t\t<\/div>\n\t\t\t\t\t<\/div>\n\t\t<\/section>\n\t\t\t\t<section class=\"elementor-section elementor-top-section elementor-element elementor-element-a26e0a3 elementor-section-boxed elementor-section-height-default elementor-section-height-default\" data-id=\"a26e0a3\" data-element_type=\"section\">\n\t\t\t\t\t\t<div class=\"elementor-container elementor-column-gap-default\">\n\t\t\t\t\t\t\t<div class=\"elementor-row\">\n\t\t\t\t\t<div class=\"elementor-column elementor-col-100 elementor-top-column elementor-element elementor-element-df7f4c4\" data-id=\"df7f4c4\" data-element_type=\"column\">\n\t\t\t<div class=\"elementor-column-wrap elementor-element-populated\">\n\t\t\t\t\t\t\t<div class=\"elementor-widget-wrap\">\n\t\t\t\t\t\t<div class=\"elementor-element elementor-element-916c2ef animated-slow elementor-invisible elementor-widget elementor-widget-heading\" data-id=\"916c2ef\" data-element_type=\"widget\" data-settings=\"{&quot;_animation&quot;:&quot;fadeIn&quot;}\" data-widget_type=\"heading.default\">\n\t\t\t\t<div class=\"elementor-widget-container\">\n\t\t\t<h2 class=\"elementor-heading-title elementor-size-default\">A Uni\u00e3o Europeia criou uma p\u00e1gina\u00a0online\u00a0para apoiar os consumidores na apresenta\u00e7\u00e3o das suas reclama\u00e7\u00f5es sobre qualquer lit\u00edgio em que estejam envolvidos.<\/h2>\t\t<\/div>\n\t\t\t\t<\/div>\n\t\t\t\t<div class=\"elementor-element elementor-element-a8c16eb elementor-widget elementor-widget-text-editor\" data-id=\"a8c16eb\" data-element_type=\"widget\" data-widget_type=\"text-editor.default\">\n\t\t\t\t<div class=\"elementor-widget-container\">\n\t\t\t\t\t\t\t\t<div class=\"elementor-text-editor elementor-clearfix\">\n\t\t\t\t<header><h3>\u00a0<\/h3><\/header><section><p>Neste \u00e2mbito, a Cl\u00ednica M\u00e9dica e Dent\u00e1ria Lara Ribeiro Lda, disponibiliza toda a informa\u00e7\u00e3o para que possa exercer o seu direito de reclama\u00e7\u00e3o junto de uma entidade oficial, terceira e imparcial ao processo. Assim, pode aceder \u00e0 p\u00e1gina oficial e expor a sua contesta\u00e7\u00e3o, se ficou insatisfeito com a aquisi\u00e7\u00e3o de um bem ou servi\u00e7o no nosso site, ou com a solu\u00e7\u00e3o por n\u00f3s apresentada para resolver a situa\u00e7\u00e3o.<\/p><p>\u00a0<\/p><h5>Sugest\u00e3o de Entidades para a Resolu\u00e7\u00e3o de Lit\u00edgios\u00a0<em>Online<\/em><\/h5><p><strong>CIAB \u2013 Centro de Informa\u00e7\u00e3o, Media\u00e7\u00e3o e Arbitragem de Consumo (Tribunal Arbitral de Consumo)<\/strong><\/p><p><a href=\"http:\/\/www.ciab.pt\/pt\">www.ciab.pt\/pt<\/a><\/p><p><strong>CIMPAS \u2013 Centro de Informa\u00e7\u00e3o, Media\u00e7\u00e3o e Provedoria de Seguros<\/strong><\/p><p><a href=\"http:\/\/www.cimpas.pt\">www.cimpas.pt<\/a><\/p><p><strong>Centro de Arbitragem de Conflitos de Consumo de Lisboa<\/strong><\/p><p><a href=\"http:\/\/www.centroarbitragemlisboa.pt\">www.centroarbitragemlisboa.pt<\/a><\/p><p><strong>CNIACC \u2013 Centro Nacional de Informa\u00e7\u00e3o e Arbitragem de Conflitos de Consumo<\/strong><\/p><p><a href=\"http:\/\/www.arbitragemdeconsumo.org\">www.arbitragemdeconsumo.org<\/a><\/p><p><b><br \/>Centro de Arbitragem de Conflitos de Consumo do Vale do Ave\/Tribunal Arbitral<\/b><\/p><p><a href=\"http:\/\/www.triave.pt\">www.triave.pt<\/a><\/p><\/section>\t\t\t\t\t<\/div>\n\t\t\t\t\t\t<\/div>\n\t\t\t\t<\/div>\n\t\t\t\t\t\t<\/div>\n\t\t\t\t\t<\/div>\n\t\t<\/div>\n\t\t\t\t\t\t\t\t<\/div>\n\t\t\t\t\t<\/div>\n\t\t<\/section>\n\t\t\t\t\t\t\t\t\t<\/div>\n\t\t\t<\/div>\n\t\t\t\t\t<\/div>","protected":false},"excerpt":{"rendered":"<p>Resolu\u00e7\u00e3o de lit\u00edgios online A Uni\u00e3o Europeia criou uma p\u00e1gina\u00a0online\u00a0para apoiar os consumidores na apresenta\u00e7\u00e3o das suas reclama\u00e7\u00f5es sobre qualquer lit\u00edgio em que estejam envolvidos. \u00a0 Neste \u00e2mbito, a Cl\u00ednica M\u00e9dica e Dent\u00e1ria Lara Ribeiro Lda, disponibiliza toda a informa\u00e7\u00e3o para que possa exercer o seu direito de reclama\u00e7\u00e3o junto de uma entidade oficial, terceira&hellip; <a class=\"more-link\" href=\"https:\/\/clinicaesteticalararibeiro.pt\/en\/resolucao-litigios-online\/\">Continue reading <span class=\"screen-reader-text\">Resolu\u00e7\u00e3o Lit\u00edgios Online<\/span><\/a><\/p>","protected":false},"author":1,"featured_media":0,"parent":0,"menu_order":0,"comment_status":"closed","ping_status":"closed","template":"elementor_header_footer","meta":{"footnotes":""},"class_list":["post-2763","page","type-page","status-publish","hentry","entry"],"_links":{"self":[{"href":"https:\/\/clinicaesteticalararibeiro.pt\/en\/wp-json\/wp\/v2\/pages\/2763","targetHints":{"allow":["GET"]}}],"collection":[{"href":"https:\/\/clinicaesteticalararibeiro.pt\/en\/wp-json\/wp\/v2\/pages"}],"about":[{"href":"https:\/\/clinicaesteticalararibeiro.pt\/en\/wp-json\/wp\/v2\/types\/page"}],"author":[{"embeddable":true,"href":"https:\/\/clinicaesteticalararibeiro.pt\/en\/wp-json\/wp\/v2\/users\/1"}],"replies":[{"embeddable":true,"href":"https:\/\/clinicaesteticalararibeiro.pt\/en\/wp-json\/wp\/v2\/comments?post=2763"}],"version-history":[{"count":16,"href":"https:\/\/clinicaesteticalararibeiro.pt\/en\/wp-json\/wp\/v2\/pages\/2763\/revisions"}],"predecessor-version":[{"id":3392,"href":"https:\/\/clinicaesteticalararibeiro.pt\/en\/wp-json\/wp\/v2\/pages\/2763\/revisions\/3392"}],"wp:attachment":[{"href":"https:\/\/clinicaesteticalararibeiro.pt\/en\/wp-json\/wp\/v2\/media?parent=2763"}],"curies":[{"name":"wp","href":"https:\/\/api.w.org\/{rel}","templated":true}]}}