{"id":3315,"date":"2023-05-27T17:28:21","date_gmt":"2023-05-27T17:28:21","guid":{"rendered":"https:\/\/clinicaesteticalararibeiro.pt\/?page_id=3315"},"modified":"2023-05-27T17:47:38","modified_gmt":"2023-05-27T17:47:38","slug":"condicoes-de-utilizacao","status":"publish","type":"page","link":"https:\/\/clinicaesteticalararibeiro.pt\/en\/condicoes-de-utilizacao\/","title":{"rendered":"Condi\u00e7\u00f5es de utiliza\u00e7\u00e3o"},"content":{"rendered":"<div data-elementor-type=\"wp-page\" data-elementor-id=\"3315\" class=\"elementor elementor-3315\">\n\t\t\t\t\t\t<div class=\"elementor-inner\">\n\t\t\t\t<div class=\"elementor-section-wrap\">\n\t\t\t\t\t\t\t\t\t<section class=\"elementor-section elementor-top-section elementor-element elementor-element-3eb99ab elementor-section-boxed elementor-section-height-default elementor-section-height-default\" data-id=\"3eb99ab\" data-element_type=\"section\">\n\t\t\t\t\t\t<div class=\"elementor-container elementor-column-gap-default\">\n\t\t\t\t\t\t\t<div class=\"elementor-row\">\n\t\t\t\t\t<div class=\"elementor-column elementor-col-100 elementor-top-column elementor-element elementor-element-d291940\" data-id=\"d291940\" data-element_type=\"column\">\n\t\t\t<div class=\"elementor-column-wrap elementor-element-populated\">\n\t\t\t\t\t\t\t<div class=\"elementor-widget-wrap\">\n\t\t\t\t\t\t<div class=\"elementor-element elementor-element-79a3c8cb animated-slow elementor-invisible elementor-widget elementor-widget-heading\" data-id=\"79a3c8cb\" data-element_type=\"widget\" data-settings=\"{&quot;_animation&quot;:&quot;fadeIn&quot;}\" data-widget_type=\"heading.default\">\n\t\t\t\t<div class=\"elementor-widget-container\">\n\t\t\t<h2 class=\"elementor-heading-title elementor-size-default\">Condi\u00e7\u00f5es de utiliza\u00e7\u00e3o<\/h2>\t\t<\/div>\n\t\t\t\t<\/div>\n\t\t\t\t\t\t<\/div>\n\t\t\t\t\t<\/div>\n\t\t<\/div>\n\t\t\t\t\t\t\t\t<\/div>\n\t\t\t\t\t<\/div>\n\t\t<\/section>\n\t\t\t\t<section class=\"elementor-section elementor-top-section elementor-element elementor-element-a26e0a3 elementor-section-boxed elementor-section-height-default elementor-section-height-default\" data-id=\"a26e0a3\" data-element_type=\"section\">\n\t\t\t\t\t\t<div class=\"elementor-container elementor-column-gap-default\">\n\t\t\t\t\t\t\t<div class=\"elementor-row\">\n\t\t\t\t\t<div class=\"elementor-column elementor-col-100 elementor-top-column elementor-element elementor-element-df7f4c4\" data-id=\"df7f4c4\" data-element_type=\"column\">\n\t\t\t<div class=\"elementor-column-wrap elementor-element-populated\">\n\t\t\t\t\t\t\t<div class=\"elementor-widget-wrap\">\n\t\t\t\t\t\t<div class=\"elementor-element elementor-element-916c2ef animated-slow elementor-invisible elementor-widget elementor-widget-heading\" data-id=\"916c2ef\" data-element_type=\"widget\" data-settings=\"{&quot;_animation&quot;:&quot;fadeIn&quot;}\" data-widget_type=\"heading.default\">\n\t\t\t\t<div class=\"elementor-widget-container\">\n\t\t\t<h2 class=\"elementor-heading-title elementor-size-default\">Compra\/encomenda<\/h2>\t\t<\/div>\n\t\t\t\t<\/div>\n\t\t\t\t<div class=\"elementor-element elementor-element-a8c16eb elementor-widget elementor-widget-text-editor\" data-id=\"a8c16eb\" data-element_type=\"widget\" data-widget_type=\"text-editor.default\">\n\t\t\t\t<div class=\"elementor-widget-container\">\n\t\t\t\t\t\t\t\t<div class=\"elementor-text-editor elementor-clearfix\">\n\t\t\t\t<p>Adicione o(s) artigo(s) ao carrinho de compras. Finalize a encomenda e escolha o m\u00e9todo de pagamento.<br \/>Em caso de d\u00favida contacte os nossos servi\u00e7os.<\/p><p>\u00a0<\/p>\t\t\t\t\t<\/div>\n\t\t\t\t\t\t<\/div>\n\t\t\t\t<\/div>\n\t\t\t\t<div class=\"elementor-element elementor-element-16b8b2e animated-slow elementor-invisible elementor-widget elementor-widget-heading\" data-id=\"16b8b2e\" data-element_type=\"widget\" data-settings=\"{&quot;_animation&quot;:&quot;fadeIn&quot;}\" data-widget_type=\"heading.default\">\n\t\t\t\t<div class=\"elementor-widget-container\">\n\t\t\t<h2 class=\"elementor-heading-title elementor-size-default\">Venda<\/h2>\t\t<\/div>\n\t\t\t\t<\/div>\n\t\t\t\t<div class=\"elementor-element elementor-element-c74e2e6 elementor-widget elementor-widget-text-editor\" data-id=\"c74e2e6\" data-element_type=\"widget\" data-widget_type=\"text-editor.default\">\n\t\t\t\t<div class=\"elementor-widget-container\">\n\t\t\t\t\t\t\t\t<div class=\"elementor-text-editor elementor-clearfix\">\n\t\t\t\t<p>Garantimos que tudo faremos para que os dados pessoais que nos facultar estejam protegidos e que os mesmos sejam apenas usados para o envio das encomendas ou informa\u00e7\u00f5es respeitantes \u00e1 loja.<br \/><br \/>Todos os artigos incluem IVA \u00e0 taxa legal em vigor e podem ser alterados sem aviso pr\u00e9vio.<\/p>\t\t\t\t\t<\/div>\n\t\t\t\t\t\t<\/div>\n\t\t\t\t<\/div>\n\t\t\t\t<div class=\"elementor-element elementor-element-3aeef9c animated-slow elementor-invisible elementor-widget elementor-widget-heading\" data-id=\"3aeef9c\" data-element_type=\"widget\" data-settings=\"{&quot;_animation&quot;:&quot;fadeIn&quot;}\" data-widget_type=\"heading.default\">\n\t\t\t\t<div class=\"elementor-widget-container\">\n\t\t\t<h2 class=\"elementor-heading-title elementor-size-default\">Apoio ao cliente<\/h2>\t\t<\/div>\n\t\t\t\t<\/div>\n\t\t\t\t<div class=\"elementor-element elementor-element-6e8efd5 elementor-widget elementor-widget-text-editor\" data-id=\"6e8efd5\" data-element_type=\"widget\" data-widget_type=\"text-editor.default\">\n\t\t\t\t<div class=\"elementor-widget-container\">\n\t\t\t\t\t\t\t\t<div class=\"elementor-text-editor elementor-clearfix\">\n\t\t\t\t<p>Estamos ao seu dispor para qualquer quest\u00e3o ou d\u00favida.<br \/>Poder\u00e1 nos contactar, pelo nosso formul\u00e1rio de contacto (dispon\u00edvel no rodap\u00e9 da p\u00e1gina).<br \/>Ligue para os nossos n\u00fameros de telefone.<\/p>\t\t\t\t\t<\/div>\n\t\t\t\t\t\t<\/div>\n\t\t\t\t<\/div>\n\t\t\t\t<div class=\"elementor-element elementor-element-661a81f animated-slow elementor-invisible elementor-widget elementor-widget-heading\" data-id=\"661a81f\" data-element_type=\"widget\" data-settings=\"{&quot;_animation&quot;:&quot;fadeIn&quot;}\" data-widget_type=\"heading.default\">\n\t\t\t\t<div class=\"elementor-widget-container\">\n\t\t\t<h2 class=\"elementor-heading-title elementor-size-default\">Pagamentos<\/h2>\t\t<\/div>\n\t\t\t\t<\/div>\n\t\t\t\t<div class=\"elementor-element elementor-element-32dcf52 elementor-widget elementor-widget-text-editor\" data-id=\"32dcf52\" data-element_type=\"widget\" data-widget_type=\"text-editor.default\">\n\t\t\t\t<div class=\"elementor-widget-container\">\n\t\t\t\t\t\t\t\t<div class=\"elementor-text-editor elementor-clearfix\">\n\t\t\t\t<p>Poder\u00e1 optar por efetuar o pagamento via:<br \/>\u2013 Transfer\u00eancia banc\u00e1ria;<br \/>\u2013 Mbway;<\/p><p>\u2013 Payshop.<\/p><p>Tamb\u00e9m poder\u00e1 optar por pagar e levantar a sua encomenda na nossa loja e al\u00e9m dos pagamentos referidos anteriormente efetuar o pagamento em numer\u00e1rio.<br \/><br \/>No caso de transfer\u00eancia banc\u00e1ria, ap\u00f3s o pagamento dever\u00e1\u00a0enviar o comprovativo para o nosso endere\u00e7o de e-mail, mencionando o n\u00famero da sua encomenda.<br \/>S\u00f3 faremos o envio depois de confirmado o pagamento.<br \/><br \/><\/p>\t\t\t\t\t<\/div>\n\t\t\t\t\t\t<\/div>\n\t\t\t\t<\/div>\n\t\t\t\t<div class=\"elementor-element elementor-element-9de7509 animated-slow elementor-invisible elementor-widget elementor-widget-heading\" data-id=\"9de7509\" data-element_type=\"widget\" data-settings=\"{&quot;_animation&quot;:&quot;fadeIn&quot;}\" data-widget_type=\"heading.default\">\n\t\t\t\t<div class=\"elementor-widget-container\">\n\t\t\t<h2 class=\"elementor-heading-title elementor-size-default\">Entregas<\/h2>\t\t<\/div>\n\t\t\t\t<\/div>\n\t\t\t\t<div class=\"elementor-element elementor-element-e02dda7 elementor-widget elementor-widget-text-editor\" data-id=\"e02dda7\" data-element_type=\"widget\" data-widget_type=\"text-editor.default\">\n\t\t\t\t<div class=\"elementor-widget-container\">\n\t\t\t\t\t\t\t\t<div class=\"elementor-text-editor elementor-clearfix\">\n\t\t\t\t<p>Regra geral em 2 dias \u00fateis (Portugal Continental) e at\u00e9 ao m\u00e1ximo de 6 a 10 dias \u00fateis.<br \/>Caso exista ruptura de stock ser\u00e1 imediatamente contactado pela nossa equipa.<br \/>N\u00e3o nos responsabilizamos por atrasos nas entregas dos artigos, causados por motivos externos \u00e0 nossa loja.<\/p>\t\t\t\t\t<\/div>\n\t\t\t\t\t\t<\/div>\n\t\t\t\t<\/div>\n\t\t\t\t<div class=\"elementor-element elementor-element-c5448be animated-slow elementor-invisible elementor-widget elementor-widget-heading\" data-id=\"c5448be\" data-element_type=\"widget\" data-settings=\"{&quot;_animation&quot;:&quot;fadeIn&quot;}\" data-widget_type=\"heading.default\">\n\t\t\t\t<div class=\"elementor-widget-container\">\n\t\t\t<h2 class=\"elementor-heading-title elementor-size-default\">Devolu\u00e7\u00f5es e trocas<\/h2>\t\t<\/div>\n\t\t\t\t<\/div>\n\t\t\t\t<div class=\"elementor-element elementor-element-ea0a758 elementor-widget elementor-widget-text-editor\" data-id=\"ea0a758\" data-element_type=\"widget\" data-widget_type=\"text-editor.default\">\n\t\t\t\t<div class=\"elementor-widget-container\">\n\t\t\t\t\t\t\t\t<div class=\"elementor-text-editor elementor-clearfix\">\n\t\t\t\t<p>Segundo o Decreto-Lei n.\u00ba 143\/2001, Artigo 6.\u00ba, as devolu\u00e7\u00f5es poder\u00e3o ser efectuadas de acordo com as seguintes cl\u00e1usulas:<\/p><p>1. Nos contratos \u00e0 dist\u00e2ncia o consumidor disp\u00f5e de um prazo m\u00ednimo de 14 dias para resolver o contrato sem pagamento de indeminiza\u00e7\u00e3o e sem necessidade de indicar o motivo.\u00a0<br \/>2. Para o exerc\u00edcio desse direito, o prazo conta-se:<\/p><p>a) No que se refere ao fornecimento de bens, a partir do dia da sua recep\u00e7\u00e3o pelo consumidor sempre que tenham sido cumpridas as obriga\u00e7\u00f5es referidas no artigo 5.\u00ba deste mesmo decreto;<br \/>b) No que se refere \u00e0 presta\u00e7\u00e3o de servi\u00e7os, a partir do dia da celebra\u00e7\u00e3o do contrato ou a partir do dia em que tenham sido cumpridas as obriga\u00e7\u00f5es referidas no artigo 5.\u00ba deste decreto, se tal suceder ap\u00f3s aquela celebra\u00e7\u00e3o, desde que n\u00e3o se exceda o prazo de tr\u00eas meses referido no n\u00famero seguinte;<br \/>c) Se o fornecedor n\u00e3o tiver cumprido as obriga\u00e7\u00f5es referidas no artigo 5.\u00ba deste decreto, o prazo referido no n.\u00ba 1 \u00e9 de tr\u00eas meses a contar da data da recep\u00e7\u00e3o dos bens pelo consumidor ou, tratando-se de servi\u00e7os, da data da celebra\u00e7\u00e3o do contrato;<br \/>d) Caso o fornecedor venha a cumprir as obriga\u00e7\u00f5es referidas no artigo 5.\u00ba deste decreto, no decurso do prazo de resolu\u00e7\u00e3o referido no n\u00famero anterior e antes de o consumidor ter exercido esse direito, este disp\u00f5e de 14 dias para resolver o contrato a partir da data de recep\u00e7\u00e3o dessas informa\u00e7\u00f5es.<\/p><p><br \/>3. Se o fornecedor n\u00e3o tiver cumprido as obriga\u00e7\u00f5es referidas no artigo 7.\u00ba deste decreto, o prazo referido no n.\u00ba 1 \u00e9 de tr\u00eas meses a contar da data da recep\u00e7\u00e3o dos bens pelo consumidor ou, tratando-se de servi\u00e7os, da data da celebra\u00e7\u00e3o do contrato.<br \/>4. Caso o fornecedor venha a cumprir as obriga\u00e7\u00f5es referidas no artigo 7.\u00ba deste decreto, no decurso do prazo de resolu\u00e7\u00e3o referido no n\u00famero anterior e antes de o consumidor ter exercido esse direito, este disp\u00f5e de 14 dias para resolver o contrato a partir do recebimento dessas informa\u00e7\u00f5es.<br \/>5. Sem preju\u00edzo do estabelecido na al\u00ednea a) do n.\u00ba 3 do artigo anterior, considera-se exercido o direito de resolu\u00e7\u00e3o pelo consumidor atrav\u00e9s da expedi\u00e7\u00e3o, nos prazos aqui previstos, de carta registada com aviso de recep\u00e7\u00e3o comunicando ao outro contraente ou \u00e0 pessoa para tal designada a vontade de resolver o contrato.<\/p><h4>O artigo tem de ser devolvido exactamente nas mesmas condi\u00e7\u00f5es em que o recebeu, na sua embalagem inicial, com todos os acess\u00f3rios e sem ser utilizado.<\/h4>\t\t\t\t\t<\/div>\n\t\t\t\t\t\t<\/div>\n\t\t\t\t<\/div>\n\t\t\t\t<div class=\"elementor-element elementor-element-ca3d7fc animated-slow elementor-invisible elementor-widget elementor-widget-heading\" data-id=\"ca3d7fc\" data-element_type=\"widget\" data-settings=\"{&quot;_animation&quot;:&quot;fadeIn&quot;}\" data-widget_type=\"heading.default\">\n\t\t\t\t<div class=\"elementor-widget-container\">\n\t\t\t<h2 class=\"elementor-heading-title elementor-size-default\">Garantias<\/h2>\t\t<\/div>\n\t\t\t\t<\/div>\n\t\t\t\t<div class=\"elementor-element elementor-element-fbb5998 elementor-widget elementor-widget-text-editor\" data-id=\"fbb5998\" data-element_type=\"widget\" data-widget_type=\"text-editor.default\">\n\t\t\t\t<div class=\"elementor-widget-container\">\n\t\t\t\t\t\t\t\t<div class=\"elementor-text-editor elementor-clearfix\">\n\t\t\t\t<p>\u2013 Garantimos que todos os produtos s\u00e3o embalados sem nenhuma anomalia e segundo as normas de embalagem;<br \/>\u2013 Dever\u00e1 logo \u00e0 chegada da sua encomenda verificar as quantidades e se o produto(s) foi danificado durante o envio;<br \/>\u2013 Quando receber a encomenda via transportadora, abra-a perante o representante da mesma, devendo recusar a rece\u00e7\u00e3o do material caso encontre alguma anomalia e realizar a respetiva devolu\u00e7\u00e3o\/queixa do porqu\u00ea da recusa logo nessa altura;<br \/>\u2013 De seguida, transmita-nos o sucedido efetivando a devolu\u00e7\u00e3o e registo da mesma na sua \u00e1rea de conta pessoal;<br \/>\u2013 Garantimos que caso ocorra algum dano no material durante o transporte e tenha seguido o presente regulamento, ser-lhe-\u00e1 enviado uma outra encomenda (caso exista stock) igual \u00e0 solicitada ficando os portes de envio tamb\u00e9m por nossa conta;<br \/>\u2013 N\u00e3o nos responsabilizamos pelo que acontecer ap\u00f3s a utiliza\u00e7\u00e3o dos produtos;<br \/>\u2013 O prazo de entrega depender\u00e1 do stock existente.<\/p>\t\t\t\t\t<\/div>\n\t\t\t\t\t\t<\/div>\n\t\t\t\t<\/div>\n\t\t\t\t\t\t<\/div>\n\t\t\t\t\t<\/div>\n\t\t<\/div>\n\t\t\t\t\t\t\t\t<\/div>\n\t\t\t\t\t<\/div>\n\t\t<\/section>\n\t\t\t\t\t\t\t\t\t<\/div>\n\t\t\t<\/div>\n\t\t\t\t\t<\/div>","protected":false},"excerpt":{"rendered":"<p>Condi\u00e7\u00f5es de utiliza\u00e7\u00e3o Compra\/encomenda Adicione o(s) artigo(s) ao carrinho de compras. Finalize a encomenda e escolha o m\u00e9todo de pagamento.Em caso de d\u00favida contacte os nossos servi\u00e7os. \u00a0 Venda Garantimos que tudo faremos para que os dados pessoais que nos facultar estejam protegidos e que os mesmos sejam apenas usados para o envio das encomendas&hellip; <a class=\"more-link\" href=\"https:\/\/clinicaesteticalararibeiro.pt\/en\/condicoes-de-utilizacao\/\">Continue reading <span class=\"screen-reader-text\">Condi\u00e7\u00f5es de utiliza\u00e7\u00e3o<\/span><\/a><\/p>","protected":false},"author":1,"featured_media":0,"parent":0,"menu_order":0,"comment_status":"closed","ping_status":"closed","template":"elementor_header_footer","meta":{"footnotes":""},"class_list":["post-3315","page","type-page","status-publish","hentry","entry"],"_links":{"self":[{"href":"https:\/\/clinicaesteticalararibeiro.pt\/en\/wp-json\/wp\/v2\/pages\/3315","targetHints":{"allow":["GET"]}}],"collection":[{"href":"https:\/\/clinicaesteticalararibeiro.pt\/en\/wp-json\/wp\/v2\/pages"}],"about":[{"href":"https:\/\/clinicaesteticalararibeiro.pt\/en\/wp-json\/wp\/v2\/types\/page"}],"author":[{"embeddable":true,"href":"https:\/\/clinicaesteticalararibeiro.pt\/en\/wp-json\/wp\/v2\/users\/1"}],"replies":[{"embeddable":true,"href":"https:\/\/clinicaesteticalararibeiro.pt\/en\/wp-json\/wp\/v2\/comments?post=3315"}],"version-history":[{"count":22,"href":"https:\/\/clinicaesteticalararibeiro.pt\/en\/wp-json\/wp\/v2\/pages\/3315\/revisions"}],"predecessor-version":[{"id":3345,"href":"https:\/\/clinicaesteticalararibeiro.pt\/en\/wp-json\/wp\/v2\/pages\/3315\/revisions\/3345"}],"wp:attachment":[{"href":"https:\/\/clinicaesteticalararibeiro.pt\/en\/wp-json\/wp\/v2\/media?parent=3315"}],"curies":[{"name":"wp","href":"https:\/\/api.w.org\/{rel}","templated":true}]}}